{"id":8,"date":"2020-05-28T20:58:45","date_gmt":"2020-05-28T20:58:45","guid":{"rendered":"http:\/\/barrxcnn.hdplus.es\/?page_id=8"},"modified":"2020-07-03T17:14:33","modified_gmt":"2020-07-03T15:14:33","slug":"contacto","status":"publish","type":"page","link":"http:\/\/barrxcnn.hdplus.es\/en\/contacto\/","title":{"rendered":"Contact"},"content":{"rendered":"\n<p class=\"has-text-align-center\"><strong>Nuria Rodr\u00edguez Ortega<\/strong><\/p>\n\n\n\n<p class=\"has-text-align-center\">Universidad de M\u00e1laga.<br>Facultad de Filosof\u00eda y Letras.<br>Departamento de Historia del Arte.<br>Campus de Teatinos. Bulevar Louis Pasteur, s\/n.<br>29071 M\u00e1laga (Espa\u00f1a).<br>+34 952 131 690.<br><a href=\"mailto:nro@uma.es\" class=\"\">nro@uma.es<\/a>,<\/p>\n","protected":false},"excerpt":{"rendered":"Nuria Rodr\u00edguez Ortega Universidad de M\u00e1laga.Facultad de Filosof\u00eda y Letras.Departamento de Historia del Arte.Campus de Teatinos. Bulevar Louis Pasteur, s\/n.29071 M\u00e1laga (Espa\u00f1a).+34 952 131 690.nro@uma.es,","protected":false},"author":1,"featured_media":0,"parent":0,"menu_order":0,"comment_status":"closed","ping_status":"closed","template":"","meta":[],"translation":{"provider":"WPGlobus","version":"2.6.0","language":"en","enabled_languages":["es","en"],"languages":{"es":{"title":true,"content":true,"excerpt":false},"en":{"title":true,"content":true,"excerpt":false}}},"_links":{"self":[{"href":"http:\/\/barrxcnn.hdplus.es\/en\/wp-json\/wp\/v2\/pages\/8"}],"collection":[{"href":"http:\/\/barrxcnn.hdplus.es\/en\/wp-json\/wp\/v2\/pages"}],"about":[{"href":"http:\/\/barrxcnn.hdplus.es\/en\/wp-json\/wp\/v2\/types\/page"}],"author":[{"embeddable":true,"href":"http:\/\/barrxcnn.hdplus.es\/en\/wp-json\/wp\/v2\/users\/1"}],"replies":[{"embeddable":true,"href":"http:\/\/barrxcnn.hdplus.es\/en\/wp-json\/wp\/v2\/comments?post=8"}],"version-history":[{"count":4,"href":"http:\/\/barrxcnn.hdplus.es\/en\/wp-json\/wp\/v2\/pages\/8\/revisions"}],"predecessor-version":[{"id":815,"href":"http:\/\/barrxcnn.hdplus.es\/en\/wp-json\/wp\/v2\/pages\/8\/revisions\/815"}],"wp:attachment":[{"href":"http:\/\/barrxcnn.hdplus.es\/en\/wp-json\/wp\/v2\/media?parent=8"}],"curies":[{"name":"wp","href":"https:\/\/api.w.org\/{rel}","templated":true}]}}