{"id":6,"date":"2020-05-28T20:58:45","date_gmt":"2020-05-28T18:58:45","guid":{"rendered":"http:\/\/barrxcnn.hdplus.es\/?page_id=6"},"modified":"2026-01-25T17:45:43","modified_gmt":"2026-01-25T16:45:43","slug":"el-nuevo-umoma-abre-sus-puertas-2","status":"publish","type":"page","link":"http:\/\/barrxcnn.hdplus.es\/en\/","title":{"rendered":"Barr X Inception CNN"},"content":{"rendered":"\n<div class=\"wp-block-group alignwide\">\n<div class=\"wp-block-group__inner-container\">\n<h2 class=\"has-text-align-center\">Exploring spaces of negotiation between human and machine cognitions<\/h2>\n<\/div>\n<\/div>\n<div class=\"wp-block-columns alignwide\">\n<div class=\"wp-block-group__inner-container\">\n<p id=\"slider0-links\" style=\"max-width: inherit !important; display: none;\"><a id=\"barrcall\" href=\"#barrcall\">\nBarr&#8217;s diagram<\/a>\n<a style=\"float: right;\" href=\"https:\/\/digital-narratives.versae.es\/#\" target=\"_blank\" rel=\"noopener\">DHLab \/ PixPlot<\/a><\/p>\n\n<figure class=\"wp-block-image alignfull size-full magnify-wrapper\" style=\"margin-top: 0 !important;\"><img id=\"big-barr\" style=\"display: none; width: 100%;\" src=\"http:\/\/barrxcnn.hdplus.es\/wp-content\/uploads\/2020\/05\/barr_diagram_compressed.png\" \/>\n<div id=\"slider0\" class=\"image-slider image-slider-wlabels\" style=\"display: none;\" data-image-label=\"2020\"><img src=\"http:\/\/barrxcnn.hdplus.es\/wp-content\/uploads\/2020\/05\/pixplot_compressed.png\" alt=\"DHA Yale. PixPlot\" \/>\n<div class=\"image-reveal\" data-image-label=\"1936\"><img src=\"http:\/\/barrxcnn.hdplus.es\/wp-content\/uploads\/2020\/05\/barr_diagram_compressed.png\" alt=\"Alfred H. Barr. 'Cubism and Abstract Art', MOMA, 1936\" \/><\/div>\n<\/div>\n<div id=\"slider0-legends\" style=\"margin-top: 30px;\">\n<p style=\"float: left; width: 50%; font-size: smaller;\">Cover of <em>Cubism and Abstract Art<\/em>. New York: The Museum of Modern Art, 1936. Lafuente Archive<\/p>\n<p style=\"float: left; width: 50%; text-align: right; font-size: smaller;\">Visual field of the Western art production (1890-1935) generated by Inception CNN,\nUMAP and HDBSCAN (based on Barr\u2019s diagram)<\/p>\n\n<\/div><\/figure>\n<\/div>\n<\/div>\n<p style=\"max-width: 120rem; margin-top: 80px;\"><\/p>\n\n<div class=\"wp-block-columns alignwide\">\n<div class=\"wp-block-column\">\n<div class=\"wp-block-group\">\n<div class=\"wp-block-group__inner-container\">\n<figure class=\"wp-block-image alignfull size-full\"><img class=\"wp-image-37\" src=\"http:\/\/barrxcnn.hdplus.es\/wp-content\/uploads\/2020\/05\/alfred_barr-1160x870-1.jpg\" alt=\"\" \/><\/figure>\n<h3>Alfred H. Barr Jr. (1902-1981)<\/h3>\nAlfred H. Barr Jr. (1902-1981). Art historian born in USA. Alfred Barr was the first director of\nthe Museum of Modern Art in New York. He decisively contributed to the development of positive attitudes\ntoward Contemporary Art. Alfred H. Barr in Barcelona, 1967. Photo: Catal\u00e0 Roca\n<div class=\"wp-block-button is-style-outline\"><a class=\"wp-block-button__link\" href=\"https:\/\/www.march.es\/conferencias\/anteriores\/voz.aspx?p1=101858\">More info\u2026<\/a><\/div>\n<\/div>\n<\/div>\n<\/div>\n<div class=\"wp-block-column\">\n<div class=\"wp-block-group\">\n<div class=\"wp-block-group__inner-container\">\n<figure class=\"wp-block-image alignfull size-full\"><img class=\"wp-image-37\" src=\"http:\/\/barrxcnn.hdplus.es\/wp-content\/uploads\/2020\/06\/nural-network-05.jpg\" alt=\"\" \/><\/figure>\n<h3>Inception CNN<\/h3>\nComputational architecture of an Inception Convolutional Neural Network (CNN).\nThe CNN are deep learning technologies used in computer vision for automatic recognition\nand classification of images. The CNN are potentially very useful to detect visual-formal\nsimilarities among images.\n<div class=\"wp-block-button is-style-outline\"><a class=\"wp-block-button__link\" href=\"http:\/\/barrxcnn.hdplus.es\/en\/trabajando-con-imagenes-y-cnn\/\">More info\u2026<\/a><\/div>\n<\/div>\n<\/div>\n<\/div>\n<\/div>\n<div class=\"wp-block-group alignwide\">\n<div class=\"wp-block-group__inner-container\">\n<figure class=\"wp-block-image alignfull size-full\"><img class=\"wp-image-37\" src=\"http:\/\/barrxcnn.hdplus.es\/wp-content\/uploads\/2020\/06\/IMG_6288_rec.jpg\" alt=\"\" \/><\/figure>\n<h3>Research and development team<\/h3>\nBarr X Inception CNN\u2019s Research and Development team with friends.\n<div class=\"wp-block-button is-style-outline\"><a class=\"wp-block-button__link\" href=\"http:\/\/barrxcnn.hdplus.es\/en\/equipo-de-trabajo\/\">More info\u2026<\/a><\/div>\n<\/div>\n<\/div>\n<div class=\"wp-block-columns alignwide has-background\" style=\"background-color: #ffffff;\">\n<div class=\"wp-block-group__inner-container\">\n<h2 class=\"has-accent-color has-text-align-center\">Other Barr\u2019s diagram interpretations<\/h2>\n<\/div>\n<\/div>\n<div class=\"wp-block-columns alignwide has-background\" style=\"background-color: #ffffff;\">\n<div class=\"wp-block-column\">\n<div class=\"wp-block-group\">\n<div class=\"wp-block-group__inner-container\">\n<h4 class=\"has-text-align-center\">Exhibition <em>Inventing Abstraction Art<\/em>. MOMA, Nueva York, 2012.<\/h4>\n<figure class=\"wp-block-image alignfull size-full\"><img class=\"wp-image-37\" src=\"http:\/\/barrxcnn.hdplus.es\/wp-content\/uploads\/2020\/05\/MoMA_InventingAbstraction_Map_2000.jpg\" alt=\"\" \/><\/figure>\n<div class=\"wp-block-button is-style-outline\"><a class=\"wp-block-button__link\" href=\"https:\/\/www.moma.org\/interactives\/exhibitions\/2012\/inventingabstraction\/?page=connections\">More info\u2026<\/a><\/div>\n<\/div>\n<\/div>\n<\/div>\n<div class=\"wp-block-column\">\n<div class=\"wp-block-group\">\n<div class=\"wp-block-group__inner-container\">\n<h4 class=\"has-text-align-center\">Exhibition <em>Genealog\u00edas del Arte. O la Historia del Arte como Historia visual del Arte<\/em>. Fundaci\u00f3n Juan March y Museo Picasso M\u00e1laga, Madrid-M\u00e1laga, 2019-2020.<\/h4>\n<figure class=\"wp-block-image alignfull size-full\"><img class=\"wp-image-37\" src=\"http:\/\/barrxcnn.hdplus.es\/wp-content\/uploads\/2020\/12\/Genalogias-min-scaled-1.jpg\" alt=\"\" \/><\/figure>\n<div class=\"wp-block-button is-style-outline\"><a class=\"wp-block-button__link\" href=\"https:\/\/www.march.es\/arte\/madrid\/exposiciones\/genealogias-del-arte\/\">More info\u2026<\/a><\/div>\n<\/div>\n<\/div>\n<\/div>\n<\/div>\n<div class=\"wp-block-columns alignwide has-background\" style=\"background-color: #ffffff; margin-top: -8rem;\">\n<div class=\"wp-block-column\">\n<div class=\"wp-block-group\">\n<div class=\"wp-block-group__inner-container\">\n<h4 class=\"has-text-align-center\">Colonialism and Abstract Art. MOMA, Nueva York, 2020.<\/h4>\n<figure class=\"wp-block-image alignfull size-full\"><img class=\"wp-image-37a\" src=\"http:\/\/barrxcnn.hdplus.es\/wp-content\/uploads\/2020\/12\/BARR-TIMELINE_54-X-72-in__V14-01-min.jpg\" alt=\"\" \/><\/figure>\n<div class=\"wp-block-button is-style-outline\"><a class=\"wp-block-button__link\" href=\"https:\/\/www.moma.org\/magazine\/articles\/421\">More info\u2026<\/a><\/div>\n<\/div>\n<\/div>\n<\/div>\n<div class=\"wp-block-column\">\n<div class=\"wp-block-group\">\n<div class=\"wp-block-group__inner-container\">\n<h4 class=\"has-text-align-center\">Post catalog. Immersive installation.<\/h4>\n<figure class=\"wp-block-image alignfull size-full\"><img class=\"wp-image-38a\" src=\"http:\/\/barrxcnn.hdplus.es\/wp-content\/uploads\/2021\/01\/Portada.jpg\" alt=\"\" \/><\/figure>\n<div class=\"wp-block-button is-style-outline\"><a class=\"wp-block-button__link\" href=\"http:\/\/barrxcnn.hdplus.es\/poscatalogo\/\">M\u00e1s informaci\u00f3n\u2026<\/a><\/div>\n<\/div>\n<\/div>\n<\/div>\n<\/div>\n<div class=\"wp-block-group alignwide\">\n<div class=\"wp-block-group__inner-container\">\n<h2 class=\"has-accent-color has-text-align-center\">Contribute with your own interpretation<\/h2>\n<center>\n<div class=\"wp-block-button is-style-outline\" style=\"margin-right: auto; margin-left: auto;\"><a class=\"wp-block-button__link\" href=\"http:\/\/barrxcnn.hdplus.es\/participa\/\">Participate \/ Contribute<\/a><\/div>\n<\/center><\/div>\n<\/div>\n","protected":false},"excerpt":{"rendered":"Exploring spaces of negotiation between human and machine cognitions Barr&#8217;s diagram DHLab \/ PixPlot Cover of Cubism and Abstract Art. New York: The Museum of Modern Art, 1936. Lafuente Archive Visual field of the Western art production (1890-1935) generated by Inception CNN, UMAP and HDBSCAN (based on Barr\u2019s diagram) Alfred H. Barr Jr. (1902-1981) Alfred [&hellip;]","protected":false},"author":1,"featured_media":43,"parent":0,"menu_order":0,"comment_status":"closed","ping_status":"closed","template":"templates\/template-cover.php","meta":[],"translation":{"provider":"WPGlobus","version":"2.6.0","language":"en","enabled_languages":["es","en"],"languages":{"es":{"title":true,"content":true,"excerpt":false},"en":{"title":true,"content":true,"excerpt":false}}},"_links":{"self":[{"href":"http:\/\/barrxcnn.hdplus.es\/en\/wp-json\/wp\/v2\/pages\/6"}],"collection":[{"href":"http:\/\/barrxcnn.hdplus.es\/en\/wp-json\/wp\/v2\/pages"}],"about":[{"href":"http:\/\/barrxcnn.hdplus.es\/en\/wp-json\/wp\/v2\/types\/page"}],"author":[{"embeddable":true,"href":"http:\/\/barrxcnn.hdplus.es\/en\/wp-json\/wp\/v2\/users\/1"}],"replies":[{"embeddable":true,"href":"http:\/\/barrxcnn.hdplus.es\/en\/wp-json\/wp\/v2\/comments?post=6"}],"version-history":[{"count":160,"href":"http:\/\/barrxcnn.hdplus.es\/en\/wp-json\/wp\/v2\/pages\/6\/revisions"}],"predecessor-version":[{"id":891,"href":"http:\/\/barrxcnn.hdplus.es\/en\/wp-json\/wp\/v2\/pages\/6\/revisions\/891"}],"wp:featuredmedia":[{"embeddable":true,"href":"http:\/\/barrxcnn.hdplus.es\/en\/wp-json\/wp\/v2\/media\/43"}],"wp:attachment":[{"href":"http:\/\/barrxcnn.hdplus.es\/en\/wp-json\/wp\/v2\/media?parent=6"}],"curies":[{"name":"wp","href":"https:\/\/api.w.org\/{rel}","templated":true}]}}