{"id":556,"date":"2020-06-10T16:29:37","date_gmt":"2020-06-10T14:29:37","guid":{"rendered":"http:\/\/barrxcnn.hdplus.es\/?page_id=556"},"modified":"2020-07-03T16:12:07","modified_gmt":"2020-07-03T14:12:07","slug":"equipo-de-trabajo","status":"publish","type":"page","link":"http:\/\/barrxcnn.hdplus.es\/en\/equipo-de-trabajo\/","title":{"rendered":"Team"},"content":{"rendered":"\n<div class=\"wp-block-group alignwide has-background\" style=\"background-color:#e8ded6\"><div class=\"wp-block-group__inner-container\">\n<p class=\"has-large-font-size\"><strong>Scientif direction and idea<\/strong>: Nuria Rodr\u00edguez Ortega (Universidad de M\u00e1laga)<\/p>\n\n\n\n<p class=\"has-large-font-size\"><strong>Data analysis and visualization<\/strong>: Javier de la Rosa (UNED)<\/p>\n\n\n\n<p class=\"has-large-font-size\"><strong>Web development<\/strong>: Antonio Cruces Rodr\u00edguez (Universidad de M\u00e1laga)<\/p>\n\n\n\n<p class=\"has-large-font-size\"><strong>Content and data review<\/strong>: Mar\u00eda Ortiz Tello (Universidad de M\u00e1laga)<\/p>\n\n\n\n<p class=\"has-large-font-size\"><strong>Research, development and interpretation<\/strong><\/p>\n\n\n\n<p class=\"has-large-font-size\">Teresa Bautista Garc\u00eda, Inmaculada Espinosa Trigo, Enrique Fern\u00e1ndez Fern\u00e1ndez, Ana Gamboa Ternero, Fernando Jes\u00fas Garc\u00eda Puya, Karla Gabriela Guerrero Trejo, Marta Aleksandra Neroj, Mar\u00eda Pel\u00e1ez Pi\u00e9drola, Mar\u00eda P\u00e9rez Guerrero, Andrea Ramiro Garc\u00eda, Pablo Rodr\u00edguez Garc\u00eda, MAr\u00eda de las Merces Rodr\u00edguez Silva, Alba Romero P\u00e9rez, Pedro Pablo Vicario Lupi\u00e1\u00f1ez<\/p>\n<\/div><\/div>\n","protected":false},"excerpt":{"rendered":"","protected":false},"author":1,"featured_media":0,"parent":0,"menu_order":0,"comment_status":"closed","ping_status":"closed","template":"templates\/template-full-width.php","meta":[],"translation":{"provider":"WPGlobus","version":"2.6.0","language":"en","enabled_languages":["es","en"],"languages":{"es":{"title":true,"content":true,"excerpt":false},"en":{"title":true,"content":true,"excerpt":false}}},"_links":{"self":[{"href":"http:\/\/barrxcnn.hdplus.es\/en\/wp-json\/wp\/v2\/pages\/556"}],"collection":[{"href":"http:\/\/barrxcnn.hdplus.es\/en\/wp-json\/wp\/v2\/pages"}],"about":[{"href":"http:\/\/barrxcnn.hdplus.es\/en\/wp-json\/wp\/v2\/types\/page"}],"author":[{"embeddable":true,"href":"http:\/\/barrxcnn.hdplus.es\/en\/wp-json\/wp\/v2\/users\/1"}],"replies":[{"embeddable":true,"href":"http:\/\/barrxcnn.hdplus.es\/en\/wp-json\/wp\/v2\/comments?post=556"}],"version-history":[{"count":17,"href":"http:\/\/barrxcnn.hdplus.es\/en\/wp-json\/wp\/v2\/pages\/556\/revisions"}],"predecessor-version":[{"id":820,"href":"http:\/\/barrxcnn.hdplus.es\/en\/wp-json\/wp\/v2\/pages\/556\/revisions\/820"}],"wp:attachment":[{"href":"http:\/\/barrxcnn.hdplus.es\/en\/wp-json\/wp\/v2\/media?parent=556"}],"curies":[{"name":"wp","href":"https:\/\/api.w.org\/{rel}","templated":true}]}}