{"id":330,"date":"2020-06-07T14:32:42","date_gmt":"2020-06-07T12:32:42","guid":{"rendered":"http:\/\/barrxcnn.hdplus.es\/?page_id=330"},"modified":"2021-01-07T17:25:59","modified_gmt":"2021-01-07T16:25:59","slug":"perspectivas","status":"publish","type":"page","link":"http:\/\/barrxcnn.hdplus.es\/en\/perspectivas\/","title":{"rendered":"Perspectives"},"content":{"rendered":"\n\n<ul class=\"wp-block-latest-posts__list is-grid columns-3 has-dates alignwide wp-block-latest-posts\"><li><div class=\"wp-block-latest-posts__featured-image\"><img width=\"150\" height=\"150\" src=\"http:\/\/barrxcnn.hdplus.es\/wp-content\/uploads\/2020\/06\/CNNparaRosa_01-150x150.jpg\" class=\"attachment-thumbnail size-thumbnail wp-post-image\" alt=\"\" loading=\"lazy\" style=\"\" \/><\/div><a href=\"http:\/\/barrxcnn.hdplus.es\/en\/trabajando-con-imagenes-y-cnn\/\">Working with images and CNN<\/a><time datetime=\"2020-06-27T13:48:44+02:00\" class=\"wp-block-latest-posts__post-date\">27 de June de 2020<\/time><div class=\"wp-block-latest-posts__post-excerpt\">Taking as base the raw image dataset, without any additional information except for the pixels that make up their digital representations, each image was analyzed with a Convolutional Neural Network (CNN). For computers, images are nothing more than giant tables of numbers. Thus, a grayscale image of 100 \u00d7 100 pixels (100 high by 100 [&hellip;]<\/div><\/li>\n<li><div class=\"wp-block-latest-posts__featured-image\"><img width=\"150\" height=\"150\" src=\"http:\/\/barrxcnn.hdplus.es\/wp-content\/uploads\/2020\/06\/1_XiAkePFynbXuAlMYPL3ccw-150x150.jpg\" class=\"attachment-thumbnail size-thumbnail wp-post-image\" alt=\"\" loading=\"lazy\" style=\"\" srcset=\"http:\/\/barrxcnn.hdplus.es\/wp-content\/uploads\/2020\/06\/1_XiAkePFynbXuAlMYPL3ccw-150x150.jpg 150w, http:\/\/barrxcnn.hdplus.es\/wp-content\/uploads\/2020\/06\/1_XiAkePFynbXuAlMYPL3ccw-300x300.jpg 300w, http:\/\/barrxcnn.hdplus.es\/wp-content\/uploads\/2020\/06\/1_XiAkePFynbXuAlMYPL3ccw.jpg 497w\" sizes=\"(max-width: 150px) 100vw, 150px\" \/><\/div><a href=\"http:\/\/barrxcnn.hdplus.es\/en\/espacialidades-otras\/\">Other Spatialities<\/a><time datetime=\"2020-06-09T20:01:32+02:00\" class=\"wp-block-latest-posts__post-date\">9 de June de 2020<\/time><div class=\"wp-block-latest-posts__post-excerpt\">Alfred H. Barr&#8217;s diagram is a visual device based on a spatial ordering logic. In other words, the decoding and interpretation of its potential meanings comes from a specific arrangement of the elements on the two-dimensional level, in addition to aspects related to its graphic and ortho-typographic configuration.&nbsp; It is significant, for example, that the [&hellip;]<\/div><\/li>\n<li><div class=\"wp-block-latest-posts__featured-image\"><img width=\"150\" height=\"150\" src=\"http:\/\/barrxcnn.hdplus.es\/wp-content\/uploads\/2020\/06\/prometeo-150x150.jpg\" class=\"attachment-thumbnail size-thumbnail wp-post-image\" alt=\"\" loading=\"lazy\" style=\"\" \/><\/div><a href=\"http:\/\/barrxcnn.hdplus.es\/en\/el-mito-del-moderno-prometeo\/\">The Myth of Modern Prometheus<\/a><time datetime=\"2020-06-04T17:01:50+02:00\" class=\"wp-block-latest-posts__post-date\">4 de June de 2020<\/time><div class=\"wp-block-latest-posts__post-excerpt\">Is it possible to talk to AI? Here we are having a conversation with a computer device, with a machine, in order to observe the difference with what Alfred Barr established in his genealogy, with the idea of being accomplices and the desire not to fall into the same prejudices of those who preceded us, [&hellip;]<\/div><\/li>\n<\/ul>\n\n\n<div class=\"wp-block-group alignfull has-accent-color has-text-color has-background\" style=\"background-color:#e3cc94\"><div class=\"wp-block-group__inner-container\">\n<h3 class=\"has-text-align-center\">Interpretations\/Readings<\/h3>\n\n\n<ul class=\"wp-block-latest-posts__list has-dates alignwide wp-block-latest-posts\"><li><a href=\"http:\/\/barrxcnn.hdplus.es\/en\/poscatalogo\/\">Poscat\u00e1logo<\/a><time datetime=\"2021-01-07T17:17:36+01:00\" class=\"wp-block-latest-posts__post-date\">7 de January de 2021<\/time><div class=\"wp-block-latest-posts__post-excerpt\">Instalaci\u00f3n inmersiva La instalaci\u00f3n inmersiva Postcat\u00e1logo, realizada ad hoc para la exposici\u00f3n Cat\u00e1logos desencadenados organizada por el Vicerrectorado de Cultura de la Universidad de M\u00e1laga (17-12-2020, 29-01-2021), aborda dos l\u00edneas de indagaci\u00f3n. En primer lugar, trata de responder a la pregunta: \u00bfc\u00f3mo hacer f\u00edsicamente experimentables los espacios de alta dimensi\u00f3n, ininteligibles para la cognici\u00f3n humana, [&hellip;]<\/div><\/li>\n<li><div class=\"wp-block-latest-posts__featured-image\"><img width=\"150\" height=\"150\" src=\"http:\/\/barrxcnn.hdplus.es\/wp-content\/uploads\/2020\/06\/CNNparaRosa_01-150x150.jpg\" class=\"attachment-thumbnail size-thumbnail wp-post-image\" alt=\"\" loading=\"lazy\" style=\"\" \/><\/div><a href=\"http:\/\/barrxcnn.hdplus.es\/en\/trabajando-con-imagenes-y-cnn\/\">Working with images and CNN<\/a><time datetime=\"2020-06-27T13:48:44+02:00\" class=\"wp-block-latest-posts__post-date\">27 de June de 2020<\/time><div class=\"wp-block-latest-posts__post-excerpt\">Taking as base the raw image dataset, without any additional information except for the pixels that make up their digital representations, each image was analyzed with a Convolutional Neural Network (CNN). For computers, images are nothing more than giant tables of numbers. Thus, a grayscale image of 100 \u00d7 100 pixels (100 high by 100 [&hellip;]<\/div><\/li>\n<li><div class=\"wp-block-latest-posts__featured-image\"><img width=\"150\" height=\"150\" src=\"http:\/\/barrxcnn.hdplus.es\/wp-content\/uploads\/2020\/06\/1_XiAkePFynbXuAlMYPL3ccw-150x150.jpg\" class=\"attachment-thumbnail size-thumbnail wp-post-image\" alt=\"\" loading=\"lazy\" style=\"\" srcset=\"http:\/\/barrxcnn.hdplus.es\/wp-content\/uploads\/2020\/06\/1_XiAkePFynbXuAlMYPL3ccw-150x150.jpg 150w, http:\/\/barrxcnn.hdplus.es\/wp-content\/uploads\/2020\/06\/1_XiAkePFynbXuAlMYPL3ccw-300x300.jpg 300w, http:\/\/barrxcnn.hdplus.es\/wp-content\/uploads\/2020\/06\/1_XiAkePFynbXuAlMYPL3ccw.jpg 497w\" sizes=\"(max-width: 150px) 100vw, 150px\" \/><\/div><a href=\"http:\/\/barrxcnn.hdplus.es\/en\/espacialidades-otras\/\">Other Spatialities<\/a><time datetime=\"2020-06-09T20:01:32+02:00\" class=\"wp-block-latest-posts__post-date\">9 de June de 2020<\/time><div class=\"wp-block-latest-posts__post-excerpt\">Alfred H. Barr&#8217;s diagram is a visual device based on a spatial ordering logic. In other words, the decoding and interpretation of its potential meanings comes from a specific arrangement of the elements on the two-dimensional level, in addition to aspects related to its graphic and ortho-typographic configuration.&nbsp; It is significant, for example, that the [&hellip;]<\/div><\/li>\n<li><div class=\"wp-block-latest-posts__featured-image\"><img width=\"150\" height=\"150\" src=\"http:\/\/barrxcnn.hdplus.es\/wp-content\/uploads\/2020\/06\/figdetalle-150x150.jpg\" class=\"attachment-thumbnail size-thumbnail wp-post-image\" alt=\"\" loading=\"lazy\" style=\"\" \/><\/div><a href=\"http:\/\/barrxcnn.hdplus.es\/en\/interpretacion-1-2\/\">Interpretation #1<\/a><time datetime=\"2020-06-07T18:38:14+02:00\" class=\"wp-block-latest-posts__post-date\">7 de June de 2020<\/time><div class=\"wp-block-latest-posts__post-excerpt\">The visual field resulting from the computational analysis is made up of 21 clusters grouping the X artworks that form the dataset. These clusters are located in a vector space based on a distribution algorithm that brings together the most similar images and moves the most dissimilar ones away from a visual (formal) point of [&hellip;]<\/div><\/li>\n<li><div class=\"wp-block-latest-posts__featured-image\"><img width=\"150\" height=\"150\" src=\"http:\/\/barrxcnn.hdplus.es\/wp-content\/uploads\/2020\/06\/prometeo-150x150.jpg\" class=\"attachment-thumbnail size-thumbnail wp-post-image\" alt=\"\" loading=\"lazy\" style=\"\" \/><\/div><a href=\"http:\/\/barrxcnn.hdplus.es\/en\/el-mito-del-moderno-prometeo\/\">The Myth of Modern Prometheus<\/a><time datetime=\"2020-06-04T17:01:50+02:00\" class=\"wp-block-latest-posts__post-date\">4 de June de 2020<\/time><div class=\"wp-block-latest-posts__post-excerpt\">Is it possible to talk to AI? Here we are having a conversation with a computer device, with a machine, in order to observe the difference with what Alfred Barr established in his genealogy, with the idea of being accomplices and the desire not to fall into the same prejudices of those who preceded us, [&hellip;]<\/div><\/li>\n<\/ul><\/div><\/div>\n\n\n\n<p><\/p>\n","protected":false},"excerpt":{"rendered":"","protected":false},"author":1,"featured_media":0,"parent":0,"menu_order":0,"comment_status":"closed","ping_status":"closed","template":"","meta":[],"translation":{"provider":"WPGlobus","version":"2.6.0","language":"en","enabled_languages":["es","en"],"languages":{"es":{"title":true,"content":true,"excerpt":false},"en":{"title":true,"content":true,"excerpt":false}}},"_links":{"self":[{"href":"http:\/\/barrxcnn.hdplus.es\/en\/wp-json\/wp\/v2\/pages\/330"}],"collection":[{"href":"http:\/\/barrxcnn.hdplus.es\/en\/wp-json\/wp\/v2\/pages"}],"about":[{"href":"http:\/\/barrxcnn.hdplus.es\/en\/wp-json\/wp\/v2\/types\/page"}],"author":[{"embeddable":true,"href":"http:\/\/barrxcnn.hdplus.es\/en\/wp-json\/wp\/v2\/users\/1"}],"replies":[{"embeddable":true,"href":"http:\/\/barrxcnn.hdplus.es\/en\/wp-json\/wp\/v2\/comments?post=330"}],"version-history":[{"count":38,"href":"http:\/\/barrxcnn.hdplus.es\/en\/wp-json\/wp\/v2\/pages\/330\/revisions"}],"predecessor-version":[{"id":867,"href":"http:\/\/barrxcnn.hdplus.es\/en\/wp-json\/wp\/v2\/pages\/330\/revisions\/867"}],"wp:attachment":[{"href":"http:\/\/barrxcnn.hdplus.es\/en\/wp-json\/wp\/v2\/media?parent=330"}],"curies":[{"name":"wp","href":"https:\/\/api.w.org\/{rel}","templated":true}]}}