{"id":110,"date":"2020-06-04T16:50:30","date_gmt":"2020-06-04T14:50:30","guid":{"rendered":"http:\/\/barrxcnn.hdplus.es\/?page_id=110"},"modified":"2020-06-26T21:00:37","modified_gmt":"2020-06-26T19:00:37","slug":"equipo","status":"publish","type":"page","link":"http:\/\/barrxcnn.hdplus.es\/en\/equipo\/","title":{"rendered":"Team"},"content":{"rendered":"\n<p><strong>Direcci\u00f3n cient\u00edfica e idea<\/strong>: Nuria Rodr\u00edguez Ortega (Universidad de M\u00e1laga)<\/p>\n\n\n\n<p><strong>An\u00e1lisis y visualizaci\u00f3n de datos<\/strong>: Javier de la Rosa (UNED)<\/p>\n\n\n\n<p><strong>Desarrollo web<\/strong>: Antonio Cruces Rodr\u00edguez (Universidad de M\u00e1laga)<\/p>\n\n\n\n<p><strong>Edici\u00f3n de datos y revisi\u00f3n de contenidos<\/strong>: Mar\u00eda Ortiz Tello (Universidad de M\u00e1laga)<\/p>\n\n\n\n<p><strong>Investigaci\u00f3n, desarrollo e interpretaci\u00f3n<\/strong><\/p>\n\n\n\n<p>Teresa Bautista Garc\u00eda, Inmaculada Espinosa Trigo, Enrique Fern\u00e1ndez Fern\u00e1ndez, Ana Gamboa Ternero, Fernando Jes\u00fas Garc\u00eda Puya, Karla Gabriela Guerrero Trejo, Marta Aleksandra Neroj, Mar\u00eda Pel\u00e1ez Pi\u00e9drola, Mar\u00eda P\u00e9rez Guerrero, Andrea Ramiro Garc\u00eda, Pablo Rodr\u00edguez Garc\u00eda, MAr\u00eda de las Merces Rodr\u00edguez Silva, Alba Romero P\u00e9rez, Pedro Pablo Vicario Lupi\u00e1\u00f1ez<\/p>\n","protected":false},"excerpt":{"rendered":"Direcci\u00f3n cient\u00edfica e idea: Nuria Rodr\u00edguez Ortega (Universidad de M\u00e1laga) An\u00e1lisis y visualizaci\u00f3n de datos: Javier de la Rosa (UNED) Desarrollo web: Antonio Cruces Rodr\u00edguez (Universidad de M\u00e1laga) Edici\u00f3n de datos y revisi\u00f3n de contenidos: Mar\u00eda Ortiz Tello (Universidad de M\u00e1laga) Investigaci\u00f3n, desarrollo e interpretaci\u00f3n Teresa Bautista Garc\u00eda, Inmaculada Espinosa Trigo, Enrique Fern\u00e1ndez Fern\u00e1ndez, Ana [&hellip;]","protected":false},"author":1,"featured_media":0,"parent":0,"menu_order":0,"comment_status":"closed","ping_status":"closed","template":"templates\/template-full-width.php","meta":[],"translation":{"provider":"WPGlobus","version":"2.6.0","language":"en","enabled_languages":["es","en"],"languages":{"es":{"title":true,"content":true,"excerpt":false},"en":{"title":true,"content":true,"excerpt":false}}},"_links":{"self":[{"href":"http:\/\/barrxcnn.hdplus.es\/en\/wp-json\/wp\/v2\/pages\/110"}],"collection":[{"href":"http:\/\/barrxcnn.hdplus.es\/en\/wp-json\/wp\/v2\/pages"}],"about":[{"href":"http:\/\/barrxcnn.hdplus.es\/en\/wp-json\/wp\/v2\/types\/page"}],"author":[{"embeddable":true,"href":"http:\/\/barrxcnn.hdplus.es\/en\/wp-json\/wp\/v2\/users\/1"}],"replies":[{"embeddable":true,"href":"http:\/\/barrxcnn.hdplus.es\/en\/wp-json\/wp\/v2\/comments?post=110"}],"version-history":[{"count":17,"href":"http:\/\/barrxcnn.hdplus.es\/en\/wp-json\/wp\/v2\/pages\/110\/revisions"}],"predecessor-version":[{"id":684,"href":"http:\/\/barrxcnn.hdplus.es\/en\/wp-json\/wp\/v2\/pages\/110\/revisions\/684"}],"wp:attachment":[{"href":"http:\/\/barrxcnn.hdplus.es\/en\/wp-json\/wp\/v2\/media?parent=110"}],"curies":[{"name":"wp","href":"https:\/\/api.w.org\/{rel}","templated":true}]}}